{"id":14613,"date":"2019-03-15T15:21:25","date_gmt":"2019-03-15T15:21:25","guid":{"rendered":"http:\/\/www.kemproservices.com\/?post_type=product&#038;p=14613"},"modified":"2024-07-08T19:28:39","modified_gmt":"2024-07-08T19:28:39","slug":"ato-poly-quat-2","status":"publish","type":"product","link":"https:\/\/www.kemproservices.com\/?product=ato-poly-quat-2&lang=fr","title":{"rendered":"POLY QUAT"},"content":{"rendered":"","protected":false},"excerpt":{"rendered":"<p>D\u00e9sinfectant quaternaire pr\u00eat-\u00e0-utiliser 12x1L<\/p>\n<p><a href=\"https:\/\/www.kemproservices.com\/wp-content\/uploads\/2019\/03\/POLYQUAT-ENG-CH.pdf\">SDS<\/a><\/p>\n<p><a href=\"https:\/\/www.kemproservices.com\/wp-content\/uploads\/2019\/03\/POLYQUAT-FRE-CH.pdf\">FDS<\/a><\/p>\n<p>&nbsp;<\/p>\n","protected":false},"featured_media":15151,"comment_status":"open","ping_status":"closed","template":"","meta":[],"product_cat":[409,401],"product_tag":[],"_links":{"self":[{"href":"https:\/\/www.kemproservices.com\/index.php?rest_route=\/wp\/v2\/product\/14613"}],"collection":[{"href":"https:\/\/www.kemproservices.com\/index.php?rest_route=\/wp\/v2\/product"}],"about":[{"href":"https:\/\/www.kemproservices.com\/index.php?rest_route=\/wp\/v2\/types\/product"}],"replies":[{"embeddable":true,"href":"https:\/\/www.kemproservices.com\/index.php?rest_route=%2Fwp%2Fv2%2Fcomments&post=14613"}],"wp:featuredmedia":[{"embeddable":true,"href":"https:\/\/www.kemproservices.com\/index.php?rest_route=\/wp\/v2\/media\/15151"}],"wp:attachment":[{"href":"https:\/\/www.kemproservices.com\/index.php?rest_route=%2Fwp%2Fv2%2Fmedia&parent=14613"}],"wp:term":[{"taxonomy":"product_cat","embeddable":true,"href":"https:\/\/www.kemproservices.com\/index.php?rest_route=%2Fwp%2Fv2%2Fproduct_cat&post=14613"},{"taxonomy":"product_tag","embeddable":true,"href":"https:\/\/www.kemproservices.com\/index.php?rest_route=%2Fwp%2Fv2%2Fproduct_tag&post=14613"}],"curies":[{"name":"wp","href":"https:\/\/api.w.org\/{rel}","templated":true}]}}