{"id":14350,"date":"2017-08-30T18:37:12","date_gmt":"2017-08-30T18:37:12","guid":{"rendered":"http:\/\/www.kemproservices.com\/?post_type=product&#038;p=14350"},"modified":"2021-03-02T20:36:04","modified_gmt":"2021-03-02T20:36:04","slug":"detergent-solution-2","status":"publish","type":"product","link":"https:\/\/www.kemproservices.com\/?product=detergent-solution-2&lang=fr","title":{"rendered":"DETERGENT SOLUTION"},"content":{"rendered":"","protected":false},"excerpt":{"rendered":"<p>D\u00e9tergent \u00e0 lave-vaisselle concentr\u00e9 4x4L\/20L<\/p>\n<p><a href=\"https:\/\/www.kemproservices.com\/wp-content\/uploads\/2021\/02\/DETERGENT-SOLUTION-U-ANG.pdf\">SDS<\/a><\/p>\n<p><a href=\"https:\/\/www.kemproservices.com\/wp-content\/uploads\/2021\/02\/DETERGENT-SOLUTION-U-FRE.pdf\">FDS<\/a><\/p>\n<p>&nbsp;<\/p>\n","protected":false},"featured_media":14956,"comment_status":"open","ping_status":"closed","template":"","meta":[],"product_cat":[400],"product_tag":[],"_links":{"self":[{"href":"https:\/\/www.kemproservices.com\/index.php?rest_route=\/wp\/v2\/product\/14350"}],"collection":[{"href":"https:\/\/www.kemproservices.com\/index.php?rest_route=\/wp\/v2\/product"}],"about":[{"href":"https:\/\/www.kemproservices.com\/index.php?rest_route=\/wp\/v2\/types\/product"}],"replies":[{"embeddable":true,"href":"https:\/\/www.kemproservices.com\/index.php?rest_route=%2Fwp%2Fv2%2Fcomments&post=14350"}],"wp:featuredmedia":[{"embeddable":true,"href":"https:\/\/www.kemproservices.com\/index.php?rest_route=\/wp\/v2\/media\/14956"}],"wp:attachment":[{"href":"https:\/\/www.kemproservices.com\/index.php?rest_route=%2Fwp%2Fv2%2Fmedia&parent=14350"}],"wp:term":[{"taxonomy":"product_cat","embeddable":true,"href":"https:\/\/www.kemproservices.com\/index.php?rest_route=%2Fwp%2Fv2%2Fproduct_cat&post=14350"},{"taxonomy":"product_tag","embeddable":true,"href":"https:\/\/www.kemproservices.com\/index.php?rest_route=%2Fwp%2Fv2%2Fproduct_tag&post=14350"}],"curies":[{"name":"wp","href":"https:\/\/api.w.org\/{rel}","templated":true}]}}