{"id":14106,"date":"2016-06-06T20:17:35","date_gmt":"2016-06-06T20:17:35","guid":{"rendered":"http:\/\/www.kemproservices.com\/?page_id=14106"},"modified":"2021-02-15T14:47:02","modified_gmt":"2021-02-15T14:47:02","slug":"equipement","status":"publish","type":"page","link":"https:\/\/www.kemproservices.com\/?page_id=14106&lang=fr","title":{"rendered":"\u00c9quipement"},"content":{"rendered":"<div class=\"slider-wrapper relative\" id=\"slider-1126857409\" >\n    <div class=\"slider slider-nav-circle slider-nav-large slider-nav-light slider-style-normal\"\n        data-flickity-options='{\n            \"cellAlign\": \"center\",\n            \"imagesLoaded\": true,\n            \"lazyLoad\": 1,\n            \"freeScroll\": false,\n            \"wrapAround\": true,\n            \"autoPlay\": 6000,\n            \"pauseAutoPlayOnHover\" : true,\n            \"prevNextButtons\": true,\n            \"contain\" : true,\n            \"adaptiveHeight\" : true,\n            \"dragThreshold\" : 10,\n            \"percentPosition\": true,\n            \"pageDots\": true,\n            \"rightToLeft\": false,\n            \"draggable\": true,\n            \"selectedAttraction\": 0.1,\n            \"parallax\" : 0,\n            \"friction\": 0.6        }'\n        >\n        \n\n  <div class=\"banner has-hover\" id=\"banner-1325108703\">\n          <div class=\"banner-inner fill\">\n        <div class=\"banner-bg fill\" >\n            <div class=\"bg fill bg-fill \"><\/div>\n                        <div class=\"overlay\"><\/div>            \n                    <\/div>\n        <div class=\"banner-layers container\">\n            <div class=\"fill banner-link\"><\/div>            \n   <div id=\"text-box-1876411577\" class=\"text-box banner-layer x5 md-x5 lg-x5 y25 md-y25 lg-y25 res-text\">\n                                <div class=\"text dark\">\n              \n              <div class=\"text-inner text-center\">\n                  \n<h2 class=\"uppercase\"><strong>\u00c9quipement<\/strong><\/h2>\n              <\/div>\n           <\/div>\n                            \n<style>\n#text-box-1876411577 {\n  width: 60%;\n}\n#text-box-1876411577 .text {\n  font-size: 100%;\n}\n@media (min-width:550px) {\n  #text-box-1876411577 {\n    width: 40%;\n  }\n}\n<\/style>\n    <\/div>\n \n        <\/div>\n      <\/div>\n\n            \n<style>\n#banner-1325108703 {\n  padding-top: 500px;\n}\n#banner-1325108703 .bg.bg-loaded {\n  background-image: url(https:\/\/www.kemproservices.com\/wp-content\/uploads\/2016\/06\/equip-2.png);\n}\n#banner-1325108703 .overlay {\n  background-color: rgba(0, 0, 0, 0.31);\n}\n<\/style>\n  <\/div>\n\n\n     <\/div>\n\n     <div class=\"loading-spin dark large centered\"><\/div>\n\n     <\/div>\n\n\n\t<section class=\"section dark has-mask mask-arrow\" id=\"section_1659591119\">\n\t\t<div class=\"bg section-bg fill bg-fill  bg-loaded\" >\n\n\t\t\t\n\t\t\t\n\t\t\t\n\t<div class=\"is-border\"\n\t\tstyle=\"border-color:rgb(235, 235, 235);border-width:1px 0px 0px 0px;\">\n\t<\/div>\n\n\t\t<\/div>\n\n\t\t<div class=\"section-content relative\">\n\t\t\t\n\t\t<\/div>\n\n\t\t\n<style>\n#section_1659591119 {\n  padding-top: 59px;\n  padding-bottom: 59px;\n  min-height: 99px;\n  background-color: rgb(255, 255, 255);\n}\n<\/style>\n\t<\/section>\n\t\n\t<section class=\"section\" id=\"section_1932634659\">\n\t\t<div class=\"bg section-bg fill bg-fill  bg-loaded\" >\n\n\t\t\t\n\t\t\t\n\t\t\t\n\n\t\t<\/div>\n\n\t\t<div class=\"section-content relative\">\n\t\t\t\n<div class=\"row row-collapse row-full-width align-middle\"  id=\"row-1908336009\">\n\n\t<div id=\"col-1651559230\" class=\"col medium-6 small-12 large-6\"  >\n\t\t<div class=\"col-inner\"  >\n\t\t\t\n\t\t\t\n\t<div class=\"img has-hover x md-x lg-x y md-y lg-y\" id=\"image_460721915\">\n\t\t\t\t\t\t\t\t<div class=\"img-inner dark\" >\n\t\t\t<img width=\"600\" height=\"600\" src=\"https:\/\/www.kemproservices.com\/wp-content\/uploads\/2021\/02\/DISHWASHERS-1-FR.png\" class=\"attachment-large size-large\" alt=\"\" loading=\"lazy\" srcset=\"https:\/\/www.kemproservices.com\/wp-content\/uploads\/2021\/02\/DISHWASHERS-1-FR.png 600w, https:\/\/www.kemproservices.com\/wp-content\/uploads\/2021\/02\/DISHWASHERS-1-FR-300x300.png 300w, https:\/\/www.kemproservices.com\/wp-content\/uploads\/2021\/02\/DISHWASHERS-1-FR-150x150.png 150w, https:\/\/www.kemproservices.com\/wp-content\/uploads\/2021\/02\/DISHWASHERS-1-FR-510x510.png 510w, https:\/\/www.kemproservices.com\/wp-content\/uploads\/2021\/02\/DISHWASHERS-1-FR-100x100.png 100w\" sizes=\"(max-width: 600px) 100vw, 600px\" \/>\t\t\t\t\t\t\n\t\t\t\t\t<\/div>\n\t\t\t\t\t\t\t\t\n<style>\n#image_460721915 {\n  width: 100%;\n}\n<\/style>\n\t<\/div>\n\t\n\t\t<\/div>\n\t\t\t<\/div>\n\n\t\n\n\t<div id=\"col-804003583\" class=\"col medium-6 small-12 large-6\"  >\n\t\t<div class=\"col-inner text-left\" style=\"max-width:776px;\" >\n\t\t\t\n\t\t\t\n<h3>25PLC\u00a0LAVE-VAISSELLE\/VERRES SOUS COMPTOIR<\/h3>\n<p>Le Swissh 25PLC est le lave-vaisselle\/verres le plus puissant disponible sur le march\u00e9. Avec sa capacit\u00e9 horaire de 48 paniers standards, le Swissh 25PLC performe comme un mod\u00e8le \u00e0 capot pour le co\u00fbt modeste d\u2019un mod\u00e8le sous comptoir. Il a \u00e9t\u00e9 cr\u00e9\u00e9 afin de r\u00e9pondre aux demandes les plus essentielles de tous les usagers: r\u00e9sultat, durabilit\u00e9, fiabilit\u00e9 et co\u00fbt d\u2019op\u00e9ration bas.<\/p>\n<p>La plus importante qualit\u00e9 du Swissh est son abilit\u00e9 de r\u00e9pondre \u00e0 ces demandes tout en demeurant le meilleur ami de l\u2019environnement. Sa consommation d\u2019eau est de seulement 3 litres par panier (0.79 US gal): moins d\u2019eau et de produits chimiques gaspill\u00e9s. \u00c7a c\u2019est de l\u2019innovation \u2026 et plus d\u2019argent dans vos poches<\/p>\n<p><a href=\"https:\/\/swissh.com\/25plc_fr.pdf\" target=\"_blank\" rel=\"noopener noreferrer\">BROCHURE<\/a><\/p>\n<p>Diff\u00e9rentes options disponibles<\/p>\n<hr \/>\n<h3>65PLC \u00a0LAVE-VAISSELLE\/VERRES \u00c0 CAPOT<\/h3>\n<p>Le Swissh 65PLC est le lave-vaisselle\/verres de plus haute qualit\u00e9 sur le march\u00e9. Avec sa capacit\u00e9 horaire de 54 paniers standards, le Swissh 65PLC r\u00e9pond aux demandes les plus essentielles de tous les usagers: r\u00e9sultat, durabilit\u00e9, fiabilit\u00e9, et co\u00fbt d\u2019op\u00e9ration bas.<\/p>\n<p>La plus importante qualit\u00e9 du Swissh est son abilit\u00e9 de r\u00e9pondre \u00e0 ces demandes tout en demeurant le meilleur ami de l\u2019environnement. Sa consommation d\u2019eau est de seulement 3 litres par panier (0.79 US gal): moins d\u2019eau et de produits chimiques gaspill\u00e9s. \u00c7a c\u2019est de l\u2019innovation \u2026 et plus d\u2019argent dans vos poches !<\/p>\n<p><a href=\"https:\/\/swissh.com\/65plc_fr.pdf\" target=\"_blank\" rel=\"noopener noreferrer\">BROCHURE<\/a><\/p>\n<p>Diff\u00e9rentes options disponibles<\/p>\n\t\t<\/div>\n\t\t\n<style>\n#col-804003583 > .col-inner {\n  padding: 0% 0px 0% 6%;\n}\n<\/style>\n\t<\/div>\n\n\t\n<\/div>\n\t\t<\/div>\n\n\t\t\n<style>\n#section_1932634659 {\n  padding-top: 0px;\n  padding-bottom: 0px;\n  background-color: rgb(198, 195, 195);\n}\n<\/style>\n\t<\/section>\n\t\n\t<section class=\"section\" id=\"section_1369895317\">\n\t\t<div class=\"bg section-bg fill bg-fill  bg-loaded\" >\n\n\t\t\t\n\t\t\t<div class=\"section-bg-overlay absolute fill\"><\/div>\n\t\t\t\n\n\t\t<\/div>\n\n\t\t<div class=\"section-content relative\">\n\t\t\t\n<div class=\"row row-collapse row-full-width align-middle\"  id=\"row-733886801\">\n\n\t<div id=\"col-1786600852\" class=\"col medium-6 small-12 large-6\"  >\n\t\t<div class=\"col-inner text-right\" style=\"max-width:520px;\" >\n\t\t\t\n\t\t\t\n<p>Nos syst\u00e8mes institutionnels portent sur les march\u00e9s de lave vaiselle, des services alimentaires, d\u2019entrien m\u00e9nager, la agro alimentaire\u00a0et de buanderie d soins de vehicules\u00a0o\u00f9 un dosage pr\u00e9cis de fluides est critique.<\/p>\n<hr \/>\n<div id=\"gt-src-c\" class=\"g-unit\">\u00a0<\/div>\n<div id=\"gt-res-c\" class=\"g-unit\">\n<div id=\"gt-res-p\">\n<div id=\"gt-res-data\">\n<div id=\"gt-res-wrap\">\n<div id=\"gt-res-content\" class=\"almost_half_cell\">\n<h3 dir=\"ltr\" data-fontsize=\"20\" data-lineheight=\"32\"><span id=\"result_box\" class=\"short_text\" lang=\"fr\"><span class=\"\">Les Industries<\/span><\/span><\/h3>\n<\/div>\n<\/div>\n<\/div>\n<\/div>\n<\/div>\n<hr \/>\n<h3 data-fontsize=\"20\" data-lineheight=\"32\">Lave-Vaiselle et Hygiene de Cuisine<\/h3>\n<h3 data-fontsize=\"20\" data-lineheight=\"32\">Entrien M\u00e9nager \/ Soins des chambers<\/h3>\n<h3 data-fontsize=\"20\" data-lineheight=\"32\">Buanderie<\/h3>\n<h3 data-fontsize=\"20\" data-lineheight=\"32\">Agro Alimentaire<\/h3>\n<h3 data-fontsize=\"20\" data-lineheight=\"32\">Soins des Vehicules<\/h3>\n<hr \/>\n<p>\u00a0<\/p>\n<p>\u00a0<\/p>\n<p>\u00a0<\/p>\n<p>\u00a0<\/p>\n<p>Pour plus d\u2019informations s\u2019il vous pla\u00eet appelez-nous au 1-800-299-0548 ou par courriel \u00e0 info@kemproservices.com<\/p>\n\t\t<\/div>\n\t\t\n<style>\n#col-1786600852 > .col-inner {\n  padding: 0% 10% 0% 0%;\n}\n<\/style>\n\t<\/div>\n\n\t\n\n\t<div id=\"col-854443459\" class=\"col medium-6 small-12 large-6\"  >\n\t\t<div class=\"col-inner\"  >\n\t\t\t\n\t\t\t\n\t<div class=\"img has-hover x md-x lg-x y md-y lg-y\" id=\"image_1075248507\">\n\t\t\t\t\t\t\t\t<div class=\"img-inner dark\" >\n\t\t\t<img width=\"600\" height=\"600\" src=\"https:\/\/www.kemproservices.com\/wp-content\/uploads\/2021\/02\/CHEM-FR.png\" class=\"attachment-large size-large\" alt=\"\" loading=\"lazy\" srcset=\"https:\/\/www.kemproservices.com\/wp-content\/uploads\/2021\/02\/CHEM-FR.png 600w, https:\/\/www.kemproservices.com\/wp-content\/uploads\/2021\/02\/CHEM-FR-300x300.png 300w, https:\/\/www.kemproservices.com\/wp-content\/uploads\/2021\/02\/CHEM-FR-150x150.png 150w, https:\/\/www.kemproservices.com\/wp-content\/uploads\/2021\/02\/CHEM-FR-510x510.png 510w, https:\/\/www.kemproservices.com\/wp-content\/uploads\/2021\/02\/CHEM-FR-100x100.png 100w\" sizes=\"(max-width: 600px) 100vw, 600px\" \/>\t\t\t\t\t\t\n\t\t\t\t\t<\/div>\n\t\t\t\t\t\t\t\t\n<style>\n#image_1075248507 {\n  width: 100%;\n}\n<\/style>\n\t<\/div>\n\t\n\t\t<\/div>\n\t\t\t<\/div>\n\n\t\n<\/div>\n\t\t<\/div>\n\n\t\t\n<style>\n#section_1369895317 {\n  padding-top: 0px;\n  padding-bottom: 0px;\n  background-color: rgb(247, 247, 247);\n}\n#section_1369895317 .section-bg-overlay {\n  background-color: rgba(255, 255, 255, 0.85);\n}\n<\/style>\n\t<\/section>\n\t\n","protected":false},"excerpt":{"rendered":"","protected":false},"author":1,"featured_media":0,"parent":0,"menu_order":0,"comment_status":"closed","ping_status":"open","template":"page-blank.php","meta":[],"_links":{"self":[{"href":"https:\/\/www.kemproservices.com\/index.php?rest_route=\/wp\/v2\/pages\/14106"}],"collection":[{"href":"https:\/\/www.kemproservices.com\/index.php?rest_route=\/wp\/v2\/pages"}],"about":[{"href":"https:\/\/www.kemproservices.com\/index.php?rest_route=\/wp\/v2\/types\/page"}],"author":[{"embeddable":true,"href":"https:\/\/www.kemproservices.com\/index.php?rest_route=\/wp\/v2\/users\/1"}],"replies":[{"embeddable":true,"href":"https:\/\/www.kemproservices.com\/index.php?rest_route=%2Fwp%2Fv2%2Fcomments&post=14106"}],"version-history":[{"count":10,"href":"https:\/\/www.kemproservices.com\/index.php?rest_route=\/wp\/v2\/pages\/14106\/revisions"}],"predecessor-version":[{"id":14908,"href":"https:\/\/www.kemproservices.com\/index.php?rest_route=\/wp\/v2\/pages\/14106\/revisions\/14908"}],"wp:attachment":[{"href":"https:\/\/www.kemproservices.com\/index.php?rest_route=%2Fwp%2Fv2%2Fmedia&parent=14106"}],"curies":[{"name":"wp","href":"https:\/\/api.w.org\/{rel}","templated":true}]}}