{"id":13899,"date":"2016-04-04T15:50:02","date_gmt":"2016-04-04T15:50:02","guid":{"rendered":"http:\/\/www.kemproservices.com\/?page_id=13899"},"modified":"2017-08-21T20:02:30","modified_gmt":"2017-08-21T20:02:30","slug":"a-propos","status":"publish","type":"page","link":"https:\/\/www.kemproservices.com\/?page_id=13899&lang=fr","title":{"rendered":"\u00c0 propos"},"content":{"rendered":"<div class=\"slider-wrapper relative\" id=\"slider-1769413897\" >\n    <div class=\"slider slider-nav-circle slider-nav-large slider-nav-light slider-style-normal\"\n        data-flickity-options='{\n            \"cellAlign\": \"center\",\n            \"imagesLoaded\": true,\n            \"lazyLoad\": 1,\n            \"freeScroll\": false,\n            \"wrapAround\": true,\n            \"autoPlay\": 6000,\n            \"pauseAutoPlayOnHover\" : true,\n            \"prevNextButtons\": true,\n            \"contain\" : true,\n            \"adaptiveHeight\" : true,\n            \"dragThreshold\" : 10,\n            \"percentPosition\": true,\n            \"pageDots\": true,\n            \"rightToLeft\": false,\n            \"draggable\": true,\n            \"selectedAttraction\": 0.1,\n            \"parallax\" : 0,\n            \"friction\": 0.6        }'\n        >\n        \n\n  <div class=\"banner has-hover\" id=\"banner-764019221\">\n          <div class=\"banner-inner fill\">\n        <div class=\"banner-bg fill\" >\n            <div class=\"bg fill bg-fill \"><\/div>\n                                    \n                    <\/div>\n        <div class=\"banner-layers container\">\n            <div class=\"fill banner-link\"><\/div>            \n   <div id=\"text-box-1883933068\" class=\"text-box banner-layer x50 md-x50 lg-x50 y50 md-y50 lg-y50 res-text\">\n                                <div class=\"text dark\">\n              \n              <div class=\"text-inner text-center\">\n                  \n<h2 class=\"uppercase\" style=\"text-align: right;\"><span style=\"font-size: 115%;\"><strong>a propos<\/strong><\/span><\/h2>\n<h2 class=\"uppercase\" style=\"text-align: right;\"><span style=\"font-size: 115%;\"><strong>kempro <\/strong><\/span><\/h2>\n<h2 class=\"uppercase\" style=\"text-align: right;\"><span style=\"font-size: 115%;\"><strong>services<\/strong><\/span><\/h2>\n              <\/div>\n           <\/div>\n                            \n<style>\n#text-box-1883933068 {\n  width: 74%;\n}\n#text-box-1883933068 .text {\n  font-size: 100%;\n}\n<\/style>\n    <\/div>\n \n        <\/div>\n      <\/div>\n\n            \n<style>\n#banner-764019221 {\n  padding-top: 500px;\n}\n#banner-764019221 .bg.bg-loaded {\n  background-image: url(https:\/\/www.kemproservices.com\/wp-content\/uploads\/2015\/02\/3216_banner001.jpg);\n}\n<\/style>\n  <\/div>\n\n\n     <\/div>\n\n     <div class=\"loading-spin dark large centered\"><\/div>\n\n     <\/div>\n\n\n\t<section class=\"section has-mask mask-arrow\" id=\"section_1559455537\">\n\t\t<div class=\"bg section-bg fill bg-fill  bg-loaded\" >\n\n\t\t\t\n\t\t\t\n\t\t\t\n\t<div class=\"is-border\"\n\t\tstyle=\"border-color:rgb(235, 235, 235);border-width:1px 0px 0px 0px;\">\n\t<\/div>\n\n\t\t<\/div>\n\n\t\t<div class=\"section-content relative\">\n\t\t\t\n<h2 class=\"uppercase\" style=\"text-align: center;\"><span style=\"font-size: 120%;\">Kempro Services<\/span><\/h2>\n<hr \/>\n<h3 style=\"text-align: center;\" data-fontsize=\"20\" data-lineheight=\"32\">NETTOYANTS SP\u00c9CIALIS\u00c9S POUR DE MEILLEURS R\u00c9SULTATS<\/h3>\n\t\t<\/div>\n\n\t\t\n<style>\n#section_1559455537 {\n  padding-top: 65px;\n  padding-bottom: 65px;\n  margin-bottom: -18px;\n  min-height: 103px;\n  background-color: rgb(255,255,255);\n}\n<\/style>\n\t<\/section>\n\t\n\t<section class=\"section dark\" id=\"section_595340849\">\n\t\t<div class=\"bg section-bg fill bg-fill  bg-loaded\" >\n\n\t\t\t\n\t\t\t\n\t\t\t\n\n\t\t<\/div>\n\n\t\t<div class=\"section-content relative\">\n\t\t\t\n<div class=\"row row-collapse row-full-width align-middle\"  id=\"row-266665209\">\n\n\t<div id=\"col-1728722945\" class=\"col medium-6 small-12 large-6\"  data-animate=\"bounceInUp\">\n\t\t<div class=\"col-inner text-right\" style=\"background-color:rgb(76, 108, 166);\" >\n\t\t\t\n\t\t\t\n\t<div class=\"img has-hover x md-x lg-x y md-y lg-y\" id=\"image_1428737661\">\n\t\t\t\t\t\t\t\t<div class=\"img-inner image-zoom dark\" style=\"margin:0px 0px 0px -100px;\">\n\t\t\t<img width=\"612\" height=\"407\" src=\"https:\/\/www.kemproservices.com\/wp-content\/uploads\/2017\/08\/Untitled-1-1.png\" class=\"attachment-large size-large\" alt=\"\" loading=\"lazy\" srcset=\"https:\/\/www.kemproservices.com\/wp-content\/uploads\/2017\/08\/Untitled-1-1.png 612w, https:\/\/www.kemproservices.com\/wp-content\/uploads\/2017\/08\/Untitled-1-1-300x200.png 300w\" sizes=\"(max-width: 612px) 100vw, 612px\" \/>\t\t\t\t\t\t\n\t\t\t\t\t<\/div>\n\t\t\t\t\t\t\t\t\n<style>\n#image_1428737661 {\n  width: 62%;\n}\n<\/style>\n\t<\/div>\n\t\n\t\t<\/div>\n\t\t\t<\/div>\n\n\t\n\n\t<div id=\"col-1167487835\" class=\"col medium-3 small-12 large-3\"  >\n\t\t<div class=\"col-inner text-left\" style=\"max-width:520px;\" >\n\t\t\t\n\t\t\t\n<h2 data-fontsize=\"29\" data-lineheight=\"29\"><strong>A propos de Kempro<\/strong><\/h2>\n<p>Nous nous effor\u00e7ons pour fournir des produits de haute qualit\u00e9 afin d\u2019obtenir des r\u00e9sultats optimales au plus bas co\u00fbt possible.\u00a0Nos \u00e9quipements de fines pointes contr\u00f4lent l\u2019efficacit\u00e9 de ces produits pour s\u2019assurer d\u2019un usage facile et s\u00e9curitaire. Notre service 24\/7 assure cette efficacit\u00e9 continue.<\/p>\n\t\t<\/div>\n\t\t\n<style>\n#col-1167487835 > .col-inner {\n  padding: 5% 5% 5% 5%;\n}\n<\/style>\n\t<\/div>\n\n\t\n<\/div>\n\t\t<\/div>\n\n\t\t\n<style>\n#section_595340849 {\n  padding-top: 0px;\n  padding-bottom: 0px;\n}\n<\/style>\n\t<\/section>\n\t\n\t<section class=\"section\" id=\"section_1278222019\">\n\t\t<div class=\"bg section-bg fill bg-fill  bg-loaded\" >\n\n\t\t\t\n\t\t\t\n\t\t\t\n\n\t\t<\/div>\n\n\t\t<div class=\"section-content relative\">\n\t\t\t\n<div class=\"row row-collapse row-full-width align-middle\"  id=\"row-686365545\">\n\n\t<div id=\"col-711210175\" class=\"col medium-6 small-12 large-6 col-hover-focus\"  >\n\t\t<div class=\"col-inner text-right\" style=\"max-width:513px;background-color:rgb(180, 179, 179);\" >\n\t\t\t\n\t\t\t\n<h2><strong>Initiative Eco<\/strong><\/h2>\n<p style=\"text-align: right;\">Nous sommes tr\u00e8s conscients de l\u2019importance envers l\u2019environnement et c\u2019est pour cela nous fabriquons des produits de nettoyage exceptionnels et des produits biotechnologiques.\u00a0Nous sommes en progression et d\u00e9veloppement continu envers de nouveaux produits et produits existants.<\/p>\n\t\t<\/div>\n\t\t\n<style>\n#col-711210175 > .col-inner {\n  padding: 10% 10% 10% 10%;\n}\n<\/style>\n\t<\/div>\n\n\t\n\n\t<div id=\"col-1541966713\" class=\"col medium-6 small-12 large-6\"  >\n\t\t<div class=\"col-inner\"  >\n\t\t\t\n\t\t\t\n\t<div class=\"img has-hover x md-x lg-x y md-y lg-y\" id=\"image_1086070770\">\n\t\t\t\t\t\t\t\t<div class=\"img-inner image-zoom image-cover dark\" style=\"padding-top:50%;\">\n\t\t\t<img width=\"1002\" height=\"471\" src=\"https:\/\/www.kemproservices.com\/wp-content\/uploads\/2016\/04\/kempro_SERVICES3.png\" class=\"attachment-large size-large\" alt=\"\" loading=\"lazy\" srcset=\"https:\/\/www.kemproservices.com\/wp-content\/uploads\/2016\/04\/kempro_SERVICES3.png 1002w, https:\/\/www.kemproservices.com\/wp-content\/uploads\/2016\/04\/kempro_SERVICES3-300x141.png 300w, https:\/\/www.kemproservices.com\/wp-content\/uploads\/2016\/04\/kempro_SERVICES3-768x361.png 768w\" sizes=\"(max-width: 1002px) 100vw, 1002px\" \/>\t\t\t\t\t\t\n\t\t\t\t\t<\/div>\n\t\t\t\t\t\t\t\t\n<style>\n#image_1086070770 {\n  width: 100%;\n}\n<\/style>\n\t<\/div>\n\t\n\t\t<\/div>\n\t\t\t<\/div>\n\n\t\n\n<style>\n#row-686365545 > .col > .col-inner {\n  background-color: rgb(180, 179, 179);\n}\n<\/style>\n<\/div>\n\t\t<\/div>\n\n\t\t\n<style>\n#section_1278222019 {\n  padding-top: 0px;\n  padding-bottom: 0px;\n  background-color: rgb(180, 179, 179);\n}\n<\/style>\n\t<\/section>\n\t\n\t<section class=\"section\" id=\"section_1891084498\">\n\t\t<div class=\"bg section-bg fill bg-fill  bg-loaded\" >\n\n\t\t\t\n\t\t\t\n\t\t\t\n\n\t\t<\/div>\n\n\t\t<div class=\"section-content relative\">\n\t\t\t\n<div class=\"row row-collapse align-center\"  id=\"row-816743974\">\n\n\t<div id=\"col-397328203\" class=\"col medium-6 small-12 large-6\"  >\n\t\t<div class=\"col-inner text-center\"  >\n\t\t\t\n\t\t\t\n<h2><span style=\"color: #faf5f5;\">OUR PARTNERS<\/span><\/h2>\n<hr \/>\n<h5><span style=\"color: #faf5f5;\">We work with the very best. We are proud of our partners, who work with us to deliver the best posible results.<\/span><\/h5>\n\t\t<\/div>\n\t\t\n<style>\n#col-397328203 > .col-inner {\n  padding: 50px 0px 50px 0px;\n}\n<\/style>\n\t<\/div>\n\n\t\n\n\t<div id=\"col-872606905\" class=\"col large-12\"  >\n\t\t<div class=\"col-inner\"  >\n\t\t\t\n\t\t\t\n\t<div class=\"img has-hover x md-x lg-x y md-y lg-y\" id=\"image_810482225\">\n\t\t\t\t\t\t\t\t<div class=\"img-inner dark\" >\n\t\t\t<img width=\"1020\" height=\"442\" src=\"https:\/\/www.kemproservices.com\/wp-content\/uploads\/2016\/06\/equip-2.png\" class=\"attachment-large size-large\" alt=\"\" loading=\"lazy\" srcset=\"https:\/\/www.kemproservices.com\/wp-content\/uploads\/2016\/06\/equip-2.png 1024w, https:\/\/www.kemproservices.com\/wp-content\/uploads\/2016\/06\/equip-2-300x130.png 300w, https:\/\/www.kemproservices.com\/wp-content\/uploads\/2016\/06\/equip-2-768x333.png 768w\" sizes=\"(max-width: 1020px) 100vw, 1020px\" \/>\t\t\t\t\t\t\n\t\t\t\t\t<\/div>\n\t\t\t\t\t\t\t\t\n<style>\n#image_810482225 {\n  width: 100%;\n}\n<\/style>\n\t<\/div>\n\t\n\t\t<\/div>\n\t\t\t<\/div>\n\n\t\n<\/div>\n\t\t<\/div>\n\n\t\t\n<style>\n#section_1891084498 {\n  padding-top: 0px;\n  padding-bottom: 0px;\n  background-color: rgb(143, 141, 141);\n}\n<\/style>\n\t<\/section>\n\t\n\t<section class=\"section\" id=\"section_1420197858\">\n\t\t<div class=\"bg section-bg fill bg-fill  bg-loaded\" >\n\n\t\t\t\n\t\t\t<div class=\"section-bg-overlay absolute fill\"><\/div>\n\t\t\t\n\n\t\t<\/div>\n\n\t\t<div class=\"section-content relative\">\n\t\t\t\n<div class=\"row row-collapse align-center\"  id=\"row-232874757\">\n\n\t<div id=\"col-680048562\" class=\"col medium-10 small-12 large-10\"  >\n\t\t<div class=\"col-inner text-center\"  >\n\t\t\t\n\t\t\t\n<h2><strong>NOTRE PROMESSE <\/strong><\/h2>\n<h5>Nous garantissons que nos produits vous donneront les r\u00e9sultats d\u00e9sir\u00e9 si non vous ne d\u00e9bourserez pas un sous.<\/h5>\n\t\t<\/div>\n\t\t\n<style>\n#col-680048562 > .col-inner {\n  padding: 50px 0px 50px 0px;\n}\n<\/style>\n\t<\/div>\n\n\t\n\n\t<div id=\"col-732715542\" class=\"col large-12\"  >\n\t\t<div class=\"col-inner text-center\"  >\n\t\t\t\n\t\t\t\n\t<div class=\"img has-hover x md-x lg-x y md-y lg-y\" id=\"image_157687216\">\n\t\t\t\t\t\t\t\t<div class=\"img-inner image-cover dark\" style=\"padding-top:51%;\">\n\t\t\t<img width=\"612\" height=\"407\" src=\"https:\/\/www.kemproservices.com\/wp-content\/uploads\/2017\/08\/Untitled-1-1.png\" class=\"attachment-large size-large\" alt=\"\" loading=\"lazy\" srcset=\"https:\/\/www.kemproservices.com\/wp-content\/uploads\/2017\/08\/Untitled-1-1.png 612w, https:\/\/www.kemproservices.com\/wp-content\/uploads\/2017\/08\/Untitled-1-1-300x200.png 300w\" sizes=\"(max-width: 612px) 100vw, 612px\" \/>\t\t\t\t\t\t\n\t\t\t\t\t<\/div>\n\t\t\t\t\t\t\t\t\n<style>\n#image_157687216 {\n  width: 60%;\n}\n<\/style>\n\t<\/div>\n\t\n\t\t<\/div>\n\t\t\t<\/div>\n\n\t\n<\/div>\n\t\t<\/div>\n\n\t\t\n<style>\n#section_1420197858 {\n  padding-top: 0px;\n  padding-bottom: 0px;\n  background-color: rgb(208, 208, 208);\n}\n#section_1420197858 .section-bg-overlay {\n  background-color: rgba(255, 255, 255, 0.85);\n}\n<\/style>\n\t<\/section>\n\t\n","protected":false},"excerpt":{"rendered":"","protected":false},"author":1,"featured_media":0,"parent":0,"menu_order":0,"comment_status":"closed","ping_status":"open","template":"page-blank.php","meta":[],"_links":{"self":[{"href":"https:\/\/www.kemproservices.com\/index.php?rest_route=\/wp\/v2\/pages\/13899"}],"collection":[{"href":"https:\/\/www.kemproservices.com\/index.php?rest_route=\/wp\/v2\/pages"}],"about":[{"href":"https:\/\/www.kemproservices.com\/index.php?rest_route=\/wp\/v2\/types\/page"}],"author":[{"embeddable":true,"href":"https:\/\/www.kemproservices.com\/index.php?rest_route=\/wp\/v2\/users\/1"}],"replies":[{"embeddable":true,"href":"https:\/\/www.kemproservices.com\/index.php?rest_route=%2Fwp%2Fv2%2Fcomments&post=13899"}],"version-history":[{"count":11,"href":"https:\/\/www.kemproservices.com\/index.php?rest_route=\/wp\/v2\/pages\/13899\/revisions"}],"predecessor-version":[{"id":14273,"href":"https:\/\/www.kemproservices.com\/index.php?rest_route=\/wp\/v2\/pages\/13899\/revisions\/14273"}],"wp:attachment":[{"href":"https:\/\/www.kemproservices.com\/index.php?rest_route=%2Fwp%2Fv2%2Fmedia&parent=13899"}],"curies":[{"name":"wp","href":"https:\/\/api.w.org\/{rel}","templated":true}]}}